{"id":126,"date":"2025-06-02T14:33:38","date_gmt":"2025-06-02T14:33:38","guid":{"rendered":"https:\/\/cristianaxavier.mkwebb.com.br\/?page_id=126"},"modified":"2026-03-31T19:37:12","modified_gmt":"2026-03-31T19:37:12","slug":"sobre","status":"publish","type":"page","link":"https:\/\/cristianaxavierdebrito.com.br\/index.php\/sobre\/","title":{"rendered":"SOBRE"},"content":{"rendered":"\t\t<div data-elementor-type=\"wp-page\" data-elementor-id=\"126\" class=\"elementor elementor-126\" data-elementor-post-type=\"page\">\n\t\t\t\t<div class=\"elementor-element elementor-element-5c56709 e-con-full e-flex e-con e-parent\" data-id=\"5c56709\" data-element_type=\"container\" data-e-type=\"container\" data-settings=\"{&quot;background_background&quot;:&quot;classic&quot;}\">\n\t\t\t\t<div class=\"elementor-element elementor-element-b42aa9b elementor-hidden-desktop elementor-hidden-tablet elementor-widget elementor-widget-image\" data-id=\"b42aa9b\" data-element_type=\"widget\" data-e-type=\"widget\" data-widget_type=\"image.default\">\n\t\t\t\t<div class=\"elementor-widget-container\">\n\t\t\t\t\t\t\t\t\t\t\t\t\t\t\t<img fetchpriority=\"high\" decoding=\"async\" width=\"1000\" height=\"700\" src=\"https:\/\/cristianaxavierdebrito.com.br\/wp-content\/uploads\/2025\/06\/TOPO-SOBRE-MOBILE.png\" class=\"attachment-full size-full wp-image-835\" alt=\"\" srcset=\"https:\/\/cristianaxavierdebrito.com.br\/wp-content\/uploads\/2025\/06\/TOPO-SOBRE-MOBILE.png 1000w, https:\/\/cristianaxavierdebrito.com.br\/wp-content\/uploads\/2025\/06\/TOPO-SOBRE-MOBILE-300x210.png 300w, https:\/\/cristianaxavierdebrito.com.br\/wp-content\/uploads\/2025\/06\/TOPO-SOBRE-MOBILE-768x538.png 768w\" sizes=\"(max-width: 1000px) 100vw, 1000px\" \/>\t\t\t\t\t\t\t\t\t\t\t\t\t\t\t<\/div>\n\t\t\t\t<\/div>\n\t\t\t\t<\/div>\n\t\t<div class=\"elementor-element elementor-element-85c4c54 e-con-full elementor-hidden-mobile e-flex e-con e-parent\" data-id=\"85c4c54\" data-element_type=\"container\" data-e-type=\"container\" data-settings=\"{&quot;background_background&quot;:&quot;classic&quot;}\">\n\t\t\t\t<div class=\"elementor-element elementor-element-fc828d6 elementor-widget elementor-widget-image\" data-id=\"fc828d6\" data-element_type=\"widget\" data-e-type=\"widget\" data-widget_type=\"image.default\">\n\t\t\t\t<div class=\"elementor-widget-container\">\n\t\t\t\t\t\t\t\t\t\t\t\t\t\t\t<img decoding=\"async\" width=\"1920\" height=\"700\" src=\"https:\/\/cristianaxavierdebrito.com.br\/wp-content\/uploads\/2025\/06\/BANNER-1-V1.png\" class=\"attachment-full size-full wp-image-597\" alt=\"\" srcset=\"https:\/\/cristianaxavierdebrito.com.br\/wp-content\/uploads\/2025\/06\/BANNER-1-V1.png 1920w, https:\/\/cristianaxavierdebrito.com.br\/wp-content\/uploads\/2025\/06\/BANNER-1-V1-300x109.png 300w, https:\/\/cristianaxavierdebrito.com.br\/wp-content\/uploads\/2025\/06\/BANNER-1-V1-1024x373.png 1024w, https:\/\/cristianaxavierdebrito.com.br\/wp-content\/uploads\/2025\/06\/BANNER-1-V1-768x280.png 768w, https:\/\/cristianaxavierdebrito.com.br\/wp-content\/uploads\/2025\/06\/BANNER-1-V1-1536x560.png 1536w\" sizes=\"(max-width: 1920px) 100vw, 1920px\" \/>\t\t\t\t\t\t\t\t\t\t\t\t\t\t\t<\/div>\n\t\t\t\t<\/div>\n\t\t\t\t<\/div>\n\t\t<div class=\"elementor-element elementor-element-3834d9a e-flex e-con-boxed e-con e-parent\" data-id=\"3834d9a\" data-element_type=\"container\" data-e-type=\"container\" data-settings=\"{&quot;background_background&quot;:&quot;classic&quot;}\">\n\t\t\t\t\t<div class=\"e-con-inner\">\n\t\t\t\t<div class=\"elementor-element elementor-element-bd342d5 elementor-widget elementor-widget-heading\" data-id=\"bd342d5\" data-element_type=\"widget\" data-e-type=\"widget\" data-widget_type=\"heading.default\">\n\t\t\t\t<div class=\"elementor-widget-container\">\n\t\t\t\t\t<h2 class=\"elementor-heading-title elementor-size-default\">SOBRE\n<\/h2>\t\t\t\t<\/div>\n\t\t\t\t<\/div>\n\t\t\t\t<div class=\"elementor-element elementor-element-68a99d1 elementor-widget__width-initial elementor-widget elementor-widget-heading\" data-id=\"68a99d1\" data-element_type=\"widget\" data-e-type=\"widget\" data-widget_type=\"heading.default\">\n\t\t\t\t<div class=\"elementor-widget-container\">\n\t\t\t\t\t<h2 class=\"elementor-heading-title elementor-size-default\">Sou conselheira, l\u00edder de impacto socioambiental, autora e mentora com experi\u00eancia executiva. Tenho uma forma\u00e7\u00e3o acad\u00eamica diversificada e cont\u00ednua, que demonstra meu compromisso com a excel\u00eancia e a atualiza\u00e7\u00e3o constante. Sou formada em Publicidade e Propaganda e expandi meus conhecimentos por meio de estudos em administra\u00e7\u00e3o, sustentabilidade, rela\u00e7\u00f5es p\u00fablicas e governamentais, inova\u00e7\u00e3o, governan\u00e7a corporativa e finan\u00e7as.<\/h2>\t\t\t\t<\/div>\n\t\t\t\t<\/div>\n\t\t\t\t\t<\/div>\n\t\t\t\t<\/div>\n\t\t<div class=\"elementor-element elementor-element-ee3cf59 e-con-full e-flex e-con e-parent\" data-id=\"ee3cf59\" data-element_type=\"container\" data-e-type=\"container\" data-settings=\"{&quot;background_background&quot;:&quot;classic&quot;}\">\n\t\t<div class=\"elementor-element elementor-element-600e867 e-con-full e-flex e-con e-child\" data-id=\"600e867\" data-element_type=\"container\" data-e-type=\"container\" data-settings=\"{&quot;background_background&quot;:&quot;classic&quot;}\">\n\t\t\t\t<div class=\"elementor-element elementor-element-ca0bad1 elementor-widget elementor-widget-image\" data-id=\"ca0bad1\" data-element_type=\"widget\" data-e-type=\"widget\" data-widget_type=\"image.default\">\n\t\t\t\t<div class=\"elementor-widget-container\">\n\t\t\t\t\t\t\t\t\t\t\t\t\t\t\t<img decoding=\"async\" width=\"1080\" height=\"1080\" src=\"https:\/\/cristianaxavierdebrito.com.br\/wp-content\/uploads\/2026\/03\/CRISTIANA-BANNER-SOBRE.png\" class=\"attachment-full size-full wp-image-1041\" alt=\"\" srcset=\"https:\/\/cristianaxavierdebrito.com.br\/wp-content\/uploads\/2026\/03\/CRISTIANA-BANNER-SOBRE.png 1080w, https:\/\/cristianaxavierdebrito.com.br\/wp-content\/uploads\/2026\/03\/CRISTIANA-BANNER-SOBRE-300x300.png 300w, https:\/\/cristianaxavierdebrito.com.br\/wp-content\/uploads\/2026\/03\/CRISTIANA-BANNER-SOBRE-1024x1024.png 1024w, https:\/\/cristianaxavierdebrito.com.br\/wp-content\/uploads\/2026\/03\/CRISTIANA-BANNER-SOBRE-150x150.png 150w, https:\/\/cristianaxavierdebrito.com.br\/wp-content\/uploads\/2026\/03\/CRISTIANA-BANNER-SOBRE-768x768.png 768w\" sizes=\"(max-width: 1080px) 100vw, 1080px\" \/>\t\t\t\t\t\t\t\t\t\t\t\t\t\t\t<\/div>\n\t\t\t\t<\/div>\n\t\t\t\t<\/div>\n\t\t<div class=\"elementor-element elementor-element-ae93484 e-con-full e-flex e-con e-child\" data-id=\"ae93484\" data-element_type=\"container\" data-e-type=\"container\" data-settings=\"{&quot;background_background&quot;:&quot;classic&quot;}\">\n\t\t\t\t<div class=\"elementor-element elementor-element-82ea467 elementor-widget elementor-widget-heading\" data-id=\"82ea467\" data-element_type=\"widget\" data-e-type=\"widget\" data-widget_type=\"heading.default\">\n\t\t\t\t<div class=\"elementor-widget-container\">\n\t\t\t\t\t<h2 class=\"elementor-heading-title elementor-size-default\">EXPERI\u00caNCIA PROFISSIONAL\n<\/h2>\t\t\t\t<\/div>\n\t\t\t\t<\/div>\n\t\t\t\t<div class=\"elementor-element elementor-element-ed0c693 elementor-widget elementor-widget-text-editor\" data-id=\"ed0c693\" data-element_type=\"widget\" data-e-type=\"widget\" data-widget_type=\"text-editor.default\">\n\t\t\t\t<div class=\"elementor-widget-container\">\n\t\t\t\t\t\t\t\t\t<p>BASF<br \/><strong>Diretora de Rela\u00e7\u00f5es Institucionais e Sustentabilidade <\/strong><strong>para Am\u00e9rica do Sul<\/strong> <br \/>2014-2024<\/p><p>SAP<br \/><strong>Diretora de Comunica\u00e7\u00e3o, Rela\u00e7\u00f5es Governamentais e Sustentabilidade para Am\u00e9rica do Sul<\/strong><br \/>2010-2014<\/p><p>KLABIN<br \/><strong>Gerente de Comunica\u00e7\u00e3o e Sustentabilidade para Am\u00e9rica do Sul<\/strong> <br \/>2004-2010<\/p><p>HP<br \/><strong>Gerente de Comunica\u00e7\u00e3o e Responsabilidade Socioambiental para Am\u00e9rica Latina<\/strong><br \/>1994-2004<\/p><p>BBDO e FRAME<br \/><strong>Produtora publicit\u00e1ria<\/strong> <br \/>1990 &#8211; 2004<\/p>\t\t\t\t\t\t\t\t<\/div>\n\t\t\t\t<\/div>\n\t\t\t\t<\/div>\n\t\t\t\t<\/div>\n\t\t<div class=\"elementor-element elementor-element-3211838 e-flex e-con-boxed e-con e-parent\" data-id=\"3211838\" data-element_type=\"container\" data-e-type=\"container\">\n\t\t\t\t\t<div class=\"e-con-inner\">\n\t\t<div class=\"elementor-element elementor-element-3a7175e e-con-full e-flex e-con e-child\" data-id=\"3a7175e\" data-element_type=\"container\" data-e-type=\"container\">\n\t\t\t\t<\/div>\n\t\t<div class=\"elementor-element elementor-element-820a191 e-con-full e-flex e-con e-child\" data-id=\"820a191\" data-element_type=\"container\" data-e-type=\"container\">\n\t\t\t\t<div class=\"elementor-element elementor-element-5044754 elementor-widget elementor-widget-heading\" data-id=\"5044754\" data-element_type=\"widget\" data-e-type=\"widget\" data-widget_type=\"heading.default\">\n\t\t\t\t<div class=\"elementor-widget-container\">\n\t\t\t\t\t<h2 class=\"elementor-heading-title elementor-size-default\">FORMA\u00c7\u00c3O\n<\/h2>\t\t\t\t<\/div>\n\t\t\t\t<\/div>\n\t\t\t\t<div class=\"elementor-element elementor-element-1d56af7 elementor-widget elementor-widget-text-editor\" data-id=\"1d56af7\" data-element_type=\"widget\" data-e-type=\"widget\" data-widget_type=\"text-editor.default\">\n\t\t\t\t<div class=\"elementor-widget-container\">\n\t\t\t\t\t\t\t\t\t<p><strong>Governan\u00e7a Corporativa<\/strong><br \/>IBGC \/ Saint Paul Business School \/ London School of Economics<\/p><p><strong>Sustentabilidade<\/strong><br \/>Harvard Business School e Oxford (Imagine Program)<\/p><p><strong>Marketing, Comunica\u00e7\u00e3o e Rela\u00e7\u00f5es P\u00fablicas<\/strong><br \/>FAAP \/ FGV \/ ESPM \/ Funda\u00e7\u00e3o Dom Cabral \/ George Washington University \/ Syracuse University \/ Universidade<br \/>Ibero-Americana<\/p><p><strong>Mentoria e Coaching<\/strong><br \/>Appana<\/p>\t\t\t\t\t\t\t\t<\/div>\n\t\t\t\t<\/div>\n\t\t\t\t<\/div>\n\t\t\t\t\t<\/div>\n\t\t\t\t<\/div>\n\t\t<div class=\"elementor-element elementor-element-ed044a2 e-flex e-con-boxed e-con e-parent\" data-id=\"ed044a2\" data-element_type=\"container\" data-e-type=\"container\">\n\t\t\t\t\t<div class=\"e-con-inner\">\n\t\t\t\t<div class=\"elementor-element elementor-element-c2a2ef0 elementor-widget elementor-widget-heading\" data-id=\"c2a2ef0\" data-element_type=\"widget\" data-e-type=\"widget\" data-widget_type=\"heading.default\">\n\t\t\t\t<div class=\"elementor-widget-container\">\n\t\t\t\t\t<h2 class=\"elementor-heading-title elementor-size-default\">NOT\u00cdCIAS\n<\/h2>\t\t\t\t<\/div>\n\t\t\t\t<\/div>\n\t\t\t\t\t<\/div>\n\t\t\t\t<\/div>\n\t\t<div class=\"elementor-element elementor-element-97fefb8 e-flex e-con-boxed e-con e-parent\" data-id=\"97fefb8\" data-element_type=\"container\" data-e-type=\"container\">\n\t\t\t\t\t<div class=\"e-con-inner\">\n\t\t\t\t<div class=\"elementor-element elementor-element-ff9d18b elementor-widget elementor-widget-html\" data-id=\"ff9d18b\" data-element_type=\"widget\" data-e-type=\"widget\" data-widget_type=\"html.default\">\n\t\t\t\t<div class=\"elementor-widget-container\">\n\t\t\t\t\t<!-- Elfsight LinkedIn Feed | Untitled LinkedIn Feed -->\r\n<script src=\"https:\/\/elfsightcdn.com\/platform.js\" async><\/script>\r\n<div class=\"elfsight-app-ffdbb90d-e420-4855-999f-d89cca826697\" data-elfsight-app-lazy><\/div>\t\t\t\t<\/div>\n\t\t\t\t<\/div>\n\t\t\t\t\t<\/div>\n\t\t\t\t<\/div>\n\t\t\t\t<\/div>\n\t\t","protected":false},"excerpt":{"rendered":"<p>SOBRE Sou conselheira, l\u00edder de impacto socioambiental, autora e mentora com experi\u00eancia executiva. Tenho uma forma\u00e7\u00e3o acad\u00eamica diversificada e cont\u00ednua, que demonstra meu compromisso com a excel\u00eancia e a atualiza\u00e7\u00e3o constante. Sou formada em Publicidade e Propaganda e expandi meus conhecimentos por meio de estudos em administra\u00e7\u00e3o, sustentabilidade, rela\u00e7\u00f5es p\u00fablicas e governamentais, inova\u00e7\u00e3o, governan\u00e7a corporativa [&hellip;]<\/p>\n","protected":false},"author":1,"featured_media":0,"parent":0,"menu_order":0,"comment_status":"closed","ping_status":"closed","template":"elementor_header_footer","meta":{"footnotes":""},"class_list":["post-126","page","type-page","status-publish","hentry"],"_links":{"self":[{"href":"https:\/\/cristianaxavierdebrito.com.br\/index.php\/wp-json\/wp\/v2\/pages\/126","targetHints":{"allow":["GET"]}}],"collection":[{"href":"https:\/\/cristianaxavierdebrito.com.br\/index.php\/wp-json\/wp\/v2\/pages"}],"about":[{"href":"https:\/\/cristianaxavierdebrito.com.br\/index.php\/wp-json\/wp\/v2\/types\/page"}],"author":[{"embeddable":true,"href":"https:\/\/cristianaxavierdebrito.com.br\/index.php\/wp-json\/wp\/v2\/users\/1"}],"replies":[{"embeddable":true,"href":"https:\/\/cristianaxavierdebrito.com.br\/index.php\/wp-json\/wp\/v2\/comments?post=126"}],"version-history":[{"count":121,"href":"https:\/\/cristianaxavierdebrito.com.br\/index.php\/wp-json\/wp\/v2\/pages\/126\/revisions"}],"predecessor-version":[{"id":1125,"href":"https:\/\/cristianaxavierdebrito.com.br\/index.php\/wp-json\/wp\/v2\/pages\/126\/revisions\/1125"}],"wp:attachment":[{"href":"https:\/\/cristianaxavierdebrito.com.br\/index.php\/wp-json\/wp\/v2\/media?parent=126"}],"curies":[{"name":"wp","href":"https:\/\/api.w.org\/{rel}","templated":true}]}}