{"id":11,"date":"2025-05-27T14:52:56","date_gmt":"2025-05-27T14:52:56","guid":{"rendered":"https:\/\/cristianaxavier.mkwebb.com.br\/?page_id=11"},"modified":"2026-03-30T12:25:06","modified_gmt":"2026-03-30T12:25:06","slug":"home","status":"publish","type":"page","link":"https:\/\/cristianaxavierdebrito.com.br\/","title":{"rendered":"HOME"},"content":{"rendered":"\t\t<div data-elementor-type=\"wp-page\" data-elementor-id=\"11\" class=\"elementor elementor-11\" data-elementor-post-type=\"page\">\n\t\t\t\t<div class=\"elementor-element elementor-element-25376b5 elementor-hidden-mobile e-flex e-con-boxed e-con e-parent\" data-id=\"25376b5\" data-element_type=\"container\" data-e-type=\"container\" data-settings=\"{&quot;background_background&quot;:&quot;classic&quot;}\">\n\t\t\t\t\t<div class=\"e-con-inner\">\n\t\t\t\t<div class=\"elementor-element elementor-element-3b6b500 elementor-widget__width-initial elementor-widget elementor-widget-heading\" data-id=\"3b6b500\" data-element_type=\"widget\" data-e-type=\"widget\" data-widget_type=\"heading.default\">\n\t\t\t\t<div class=\"elementor-widget-container\">\n\t\t\t\t\t<h2 class=\"elementor-heading-title elementor-size-default\">Em um mundo de r\u00e1pidas transforma\u00e7\u00f5es e\ndesafios complexos, at\u00e9 as lideran\u00e7as mais\nexperientes enfrentam incertezas.<\/h2>\t\t\t\t<\/div>\n\t\t\t\t<\/div>\n\t\t\t\t<div class=\"elementor-element elementor-element-b2d7db0 elementor-widget__width-initial elementor-widget elementor-widget-heading\" data-id=\"b2d7db0\" data-element_type=\"widget\" data-e-type=\"widget\" data-widget_type=\"heading.default\">\n\t\t\t\t<div class=\"elementor-widget-container\">\n\t\t\t\t\t<h2 class=\"elementor-heading-title elementor-size-default\">Atrav\u00e9s da minha experi\u00eancia, de mais de 35 anos, posso ajudar a conduzir decis\u00f5es em contextos desafiadores \u2014\ncom clareza, estrat\u00e9gia e responsabilidade.<\/h2>\t\t\t\t<\/div>\n\t\t\t\t<\/div>\n\t\t\t\t\t<\/div>\n\t\t\t\t<\/div>\n\t\t<div class=\"elementor-element elementor-element-54ae595 elementor-hidden-desktop elementor-hidden-tablet e-flex e-con-boxed e-con e-parent\" data-id=\"54ae595\" data-element_type=\"container\" data-e-type=\"container\" data-settings=\"{&quot;background_background&quot;:&quot;classic&quot;}\">\n\t\t\t\t\t<div class=\"e-con-inner\">\n\t\t\t\t<div class=\"elementor-element elementor-element-8945771 elementor-widget__width-initial elementor-widget elementor-widget-heading\" data-id=\"8945771\" data-element_type=\"widget\" data-e-type=\"widget\" data-widget_type=\"heading.default\">\n\t\t\t\t<div class=\"elementor-widget-container\">\n\t\t\t\t\t<h2 class=\"elementor-heading-title elementor-size-default\">Em um mundo de r\u00e1pidas transforma\u00e7\u00f5es e\ndesafios complexos, at\u00e9 as lideran\u00e7as mais\nexperientes enfrentam incertezas.<\/h2>\t\t\t\t<\/div>\n\t\t\t\t<\/div>\n\t\t\t\t<div class=\"elementor-element elementor-element-efdae06 elementor-widget__width-initial elementor-widget elementor-widget-heading\" data-id=\"efdae06\" data-element_type=\"widget\" data-e-type=\"widget\" data-widget_type=\"heading.default\">\n\t\t\t\t<div class=\"elementor-widget-container\">\n\t\t\t\t\t<h2 class=\"elementor-heading-title elementor-size-default\">Atrav\u00e9s da minha experi\u00eancia, de mais de 35 anos, posso ajudar a conduzir decis\u00f5es em contextos desafiadores \u2014\ncom clareza, estrat\u00e9gia e responsabilidade.\n<\/h2>\t\t\t\t<\/div>\n\t\t\t\t<\/div>\n\t\t\t\t\t<\/div>\n\t\t\t\t<\/div>\n\t\t<div class=\"elementor-element elementor-element-3834d9a e-flex e-con-boxed e-con e-parent\" data-id=\"3834d9a\" data-element_type=\"container\" data-e-type=\"container\" data-settings=\"{&quot;background_background&quot;:&quot;classic&quot;}\">\n\t\t\t\t\t<div class=\"e-con-inner\">\n\t\t\t\t<div class=\"elementor-element elementor-element-bd342d5 elementor-widget elementor-widget-heading\" data-id=\"bd342d5\" data-element_type=\"widget\" data-e-type=\"widget\" data-widget_type=\"heading.default\">\n\t\t\t\t<div class=\"elementor-widget-container\">\n\t\t\t\t\t<h2 class=\"elementor-heading-title elementor-size-default\">ABORDAGEM\n<\/h2>\t\t\t\t<\/div>\n\t\t\t\t<\/div>\n\t\t\t\t<div class=\"elementor-element elementor-element-35e883d elementor-widget__width-initial elementor-widget elementor-widget-heading\" data-id=\"35e883d\" data-element_type=\"widget\" data-e-type=\"widget\" data-widget_type=\"heading.default\">\n\t\t\t\t<div class=\"elementor-widget-container\">\n\t\t\t\t\t<h2 class=\"elementor-heading-title elementor-size-default\">Atua\u00e7\u00e3o em forma\u00e7\u00e3o de lideran\u00e7as, governan\u00e7a e impacto socioambiental.\n\n<\/h2>\t\t\t\t<\/div>\n\t\t\t\t<\/div>\n\t\t\t\t<div class=\"elementor-element elementor-element-50b030b elementor-widget__width-initial elementor-widget elementor-widget-heading\" data-id=\"50b030b\" data-element_type=\"widget\" data-e-type=\"widget\" data-widget_type=\"heading.default\">\n\t\t\t\t<div class=\"elementor-widget-container\">\n\t\t\t\t\t<h2 class=\"elementor-heading-title elementor-size-default\">Foco no impacto positivo em pessoas, neg\u00f3cios, meio ambiente e sociedade com base no comportamento \u00e9tico, profissionalismo, transpar\u00eancia, abertura, criatividade e tecnologia. \n<\/h2>\t\t\t\t<\/div>\n\t\t\t\t<\/div>\n\t\t\t\t<div class=\"elementor-element elementor-element-39316d4 elementor-widget__width-initial elementor-widget elementor-widget-heading\" data-id=\"39316d4\" data-element_type=\"widget\" data-e-type=\"widget\" data-widget_type=\"heading.default\">\n\t\t\t\t<div class=\"elementor-widget-container\">\n\t\t\t\t\t<h2 class=\"elementor-heading-title elementor-size-default\">Atuo em governan\u00e7a, impacto socioambiental e na forma\u00e7\u00e3o de lideran\u00e7as promovendo pr\u00e1ticas empresariais alinhadas aos desafios atuais para um futuro sustent\u00e1vel, resiliente e relevante. <\/h2>\t\t\t\t<\/div>\n\t\t\t\t<\/div>\n\t\t\t\t<div class=\"elementor-element elementor-element-8fc6d8c elementor-widget__width-initial elementor-widget elementor-widget-heading\" data-id=\"8fc6d8c\" data-element_type=\"widget\" data-e-type=\"widget\" data-widget_type=\"heading.default\">\n\t\t\t\t<div class=\"elementor-widget-container\">\n\t\t\t\t\t<h2 class=\"elementor-heading-title elementor-size-default\">Tamb\u00e9m produzo e compartilho conhecimento por meio de palestras, livros, v\u00eddeos, podcasts e pesquisa, ampliando o debate sobre lideran\u00e7a, inclus\u00e3o e impacto socioambiental.<\/h2>\t\t\t\t<\/div>\n\t\t\t\t<\/div>\n\t\t\t\t<div class=\"elementor-element elementor-element-68a99d1 elementor-widget__width-initial elementor-widget elementor-widget-heading\" data-id=\"68a99d1\" data-element_type=\"widget\" data-e-type=\"widget\" data-widget_type=\"heading.default\">\n\t\t\t\t<div class=\"elementor-widget-container\">\n\t\t\t\t\t<h2 class=\"elementor-heading-title elementor-size-default\">Sou autora do livro \u201cMulher Alfa\u201d que inspira profissionais a liderarem com coragem, prop\u00f3sito e clareza, conectando experi\u00eancias reais a decis\u00f5es estrat\u00e9gicas em contextos complexos.<\/h2>\t\t\t\t<\/div>\n\t\t\t\t<\/div>\n\t\t\t\t\t<\/div>\n\t\t\t\t<\/div>\n\t\t<div class=\"elementor-element elementor-element-b3c5edb e-flex e-con-boxed e-con e-parent\" data-id=\"b3c5edb\" data-element_type=\"container\" data-e-type=\"container\" data-settings=\"{&quot;background_background&quot;:&quot;classic&quot;}\">\n\t\t\t\t\t<div class=\"e-con-inner\">\n\t\t<div class=\"elementor-element elementor-element-76097cd e-con-full e-flex e-con e-child\" data-id=\"76097cd\" data-element_type=\"container\" data-e-type=\"container\">\n\t\t\t\t<div class=\"elementor-element elementor-element-3f8a3d6 elementor-hidden-desktop elementor-hidden-tablet elementor-widget elementor-widget-image\" data-id=\"3f8a3d6\" data-element_type=\"widget\" data-e-type=\"widget\" data-widget_type=\"image.default\">\n\t\t\t\t<div class=\"elementor-widget-container\">\n\t\t\t\t\t\t\t\t\t\t\t\t\t\t\t<img fetchpriority=\"high\" decoding=\"async\" width=\"800\" height=\"800\" src=\"https:\/\/cristianaxavierdebrito.com.br\/wp-content\/uploads\/2026\/03\/CRISTIANA-BANNER-MOBILE-v2-1024x1024.png\" class=\"attachment-large size-large wp-image-1085\" alt=\"\" srcset=\"https:\/\/cristianaxavierdebrito.com.br\/wp-content\/uploads\/2026\/03\/CRISTIANA-BANNER-MOBILE-v2-1024x1024.png 1024w, https:\/\/cristianaxavierdebrito.com.br\/wp-content\/uploads\/2026\/03\/CRISTIANA-BANNER-MOBILE-v2-300x300.png 300w, https:\/\/cristianaxavierdebrito.com.br\/wp-content\/uploads\/2026\/03\/CRISTIANA-BANNER-MOBILE-v2-150x150.png 150w, https:\/\/cristianaxavierdebrito.com.br\/wp-content\/uploads\/2026\/03\/CRISTIANA-BANNER-MOBILE-v2-768x768.png 768w, https:\/\/cristianaxavierdebrito.com.br\/wp-content\/uploads\/2026\/03\/CRISTIANA-BANNER-MOBILE-v2.png 1080w\" sizes=\"(max-width: 800px) 100vw, 800px\" \/>\t\t\t\t\t\t\t\t\t\t\t\t\t\t\t<\/div>\n\t\t\t\t<\/div>\n\t\t\t\t<\/div>\n\t\t<div class=\"elementor-element elementor-element-e6dafe4 e-con-full e-flex e-con e-child\" data-id=\"e6dafe4\" data-element_type=\"container\" data-e-type=\"container\">\n\t\t\t\t<div class=\"elementor-element elementor-element-82ea467 elementor-widget elementor-widget-heading\" data-id=\"82ea467\" data-element_type=\"widget\" data-e-type=\"widget\" data-widget_type=\"heading.default\">\n\t\t\t\t<div class=\"elementor-widget-container\">\n\t\t\t\t\t<h2 class=\"elementor-heading-title elementor-size-default\">SOBRE\n<\/h2>\t\t\t\t<\/div>\n\t\t\t\t<\/div>\n\t\t\t\t<div class=\"elementor-element elementor-element-f14453d elementor-widget elementor-widget-text-editor\" data-id=\"f14453d\" data-element_type=\"widget\" data-e-type=\"widget\" data-widget_type=\"text-editor.default\">\n\t\t\t\t<div class=\"elementor-widget-container\">\n\t\t\t\t\t\t\t\t\t<p>Com mais de 35 anos de experi\u00eancia global, regional e local, atuei em empresas de diversos portes e setores, incluindo BBDO, HP, SAP, KLABIN e BASF.<\/p><p>Minha experi\u00eancia abrange \u00e1reas como Rela\u00e7\u00f5es P\u00fablicas e Governamentais, Sustentabilidade (ESG), Gest\u00e3o de Risco, Diversidade, Inova\u00e7\u00e3o, Empreendedorismo, Marketing, Comunica\u00e7\u00e3o, Branding, Cultura Organizacional e Capta\u00e7\u00e3o de Investimentos.<\/p><p>Tenho ampla viv\u00eancia na participa\u00e7\u00e3o em Comit\u00eas Executivos, lideran\u00e7a de Comit\u00eas de Sustentabilidade e forma\u00e7\u00e3o de Conselhos de Funda\u00e7\u00f5es.<\/p><p>Al\u00e9m disso, integrei conselhos e comit\u00eas de organiza\u00e7\u00f5es setoriais, como a Abiquim, de com\u00e9rcio, como a AHK, e da sociedade civil, como a Funda\u00e7\u00e3o Eco+, a Rede Brasileira do Pacto Global da ONU e a Aberje, entre outras.<\/p><p>Sou autora do livro &#8220;Mulher Alfa &#8211; Lideran\u00e7a que Inspira&#8221; e co-autora de &#8220;Essas Mulheres Sustent\u00e1veis&#8221; e recebi reconhecimentos como Comunicadora do Ano (2015) e homenagem pela trajet\u00f3ria profissional , da Aberje (2023).<\/p>\t\t\t\t\t\t\t\t<\/div>\n\t\t\t\t<\/div>\n\t\t\t\t<div class=\"elementor-element elementor-element-f989bc8 elementor-align-left elementor-mobile-align-center elementor-widget elementor-widget-button\" data-id=\"f989bc8\" data-element_type=\"widget\" data-e-type=\"widget\" data-widget_type=\"button.default\">\n\t\t\t\t<div class=\"elementor-widget-container\">\n\t\t\t\t\t\t\t\t\t<div class=\"elementor-button-wrapper\">\n\t\t\t\t\t<a class=\"elementor-button elementor-button-link elementor-size-sm\" href=\"https:\/\/cristianaxavierdebrito.com.br\/index.php\/contato\/\">\n\t\t\t\t\t\t<span class=\"elementor-button-content-wrapper\">\n\t\t\t\t\t\t\t\t\t<span class=\"elementor-button-text\">ENTRE EM CONTATO<\/span>\n\t\t\t\t\t<\/span>\n\t\t\t\t\t<\/a>\n\t\t\t\t<\/div>\n\t\t\t\t\t\t\t\t<\/div>\n\t\t\t\t<\/div>\n\t\t\t\t<\/div>\n\t\t\t\t\t<\/div>\n\t\t\t\t<\/div>\n\t\t<div class=\"elementor-element elementor-element-9e961f8 e-con-full e-flex e-con e-parent\" data-id=\"9e961f8\" data-element_type=\"container\" data-e-type=\"container\" data-settings=\"{&quot;background_background&quot;:&quot;classic&quot;}\">\n\t\t<div class=\"elementor-element elementor-element-774ee9a e-con-full e-flex e-con e-child\" data-id=\"774ee9a\" data-element_type=\"container\" data-e-type=\"container\">\n\t\t\t\t<div class=\"elementor-element elementor-element-e325921 elementor-widget elementor-widget-heading\" data-id=\"e325921\" data-element_type=\"widget\" data-e-type=\"widget\" data-widget_type=\"heading.default\">\n\t\t\t\t<div class=\"elementor-widget-container\">\n\t\t\t\t\t<h2 class=\"elementor-heading-title elementor-size-default\">ATUA\u00c7\u00c3O\n<\/h2>\t\t\t\t<\/div>\n\t\t\t\t<\/div>\n\t\t\t\t<div class=\"elementor-element elementor-element-f7e3cec elementor-widget elementor-widget-heading\" data-id=\"f7e3cec\" data-element_type=\"widget\" data-e-type=\"widget\" data-widget_type=\"heading.default\">\n\t\t\t\t<div class=\"elementor-widget-container\">\n\t\t\t\t\t<h2 class=\"elementor-heading-title elementor-size-default\">Conectando estrat\u00e9gia, prop\u00f3sito e transforma\u00e7\u00e3o\n\n<\/h2>\t\t\t\t<\/div>\n\t\t\t\t<\/div>\n\t\t\t\t<div class=\"elementor-element elementor-element-e34d23e elementor-widget__width-initial elementor-widget elementor-widget-heading\" data-id=\"e34d23e\" data-element_type=\"widget\" data-e-type=\"widget\" data-widget_type=\"heading.default\">\n\t\t\t\t<div class=\"elementor-widget-container\">\n\t\t\t\t\t<h2 class=\"elementor-heading-title elementor-size-default\">Atuo em diferentes contextos com estrat\u00e9gias que unem experi\u00eancia executiva, vis\u00e3o sist\u00eamica e compromisso com impacto positivo.\n<\/h2>\t\t\t\t<\/div>\n\t\t\t\t<\/div>\n\t\t<div class=\"elementor-element elementor-element-b3cbba4 e-con-full e-flex e-con e-child\" data-id=\"b3cbba4\" data-element_type=\"container\" data-e-type=\"container\">\n\t\t\t\t<div class=\"elementor-element elementor-element-baa85a0 elementor-hidden-mobile elementor-widget elementor-widget-image\" data-id=\"baa85a0\" data-element_type=\"widget\" data-e-type=\"widget\" data-widget_type=\"image.default\">\n\t\t\t\t<div class=\"elementor-widget-container\">\n\t\t\t\t\t\t\t\t\t\t\t\t\t\t\t<img decoding=\"async\" width=\"1921\" height=\"701\" src=\"https:\/\/cristianaxavierdebrito.com.br\/wp-content\/uploads\/2025\/06\/IMAGEM-SUSTENTABILIDADE-COMPLETO-PORT_1.png\" class=\"attachment-full size-full wp-image-697\" alt=\"\" srcset=\"https:\/\/cristianaxavierdebrito.com.br\/wp-content\/uploads\/2025\/06\/IMAGEM-SUSTENTABILIDADE-COMPLETO-PORT_1.png 1921w, https:\/\/cristianaxavierdebrito.com.br\/wp-content\/uploads\/2025\/06\/IMAGEM-SUSTENTABILIDADE-COMPLETO-PORT_1-300x109.png 300w, https:\/\/cristianaxavierdebrito.com.br\/wp-content\/uploads\/2025\/06\/IMAGEM-SUSTENTABILIDADE-COMPLETO-PORT_1-1024x374.png 1024w, https:\/\/cristianaxavierdebrito.com.br\/wp-content\/uploads\/2025\/06\/IMAGEM-SUSTENTABILIDADE-COMPLETO-PORT_1-768x280.png 768w, https:\/\/cristianaxavierdebrito.com.br\/wp-content\/uploads\/2025\/06\/IMAGEM-SUSTENTABILIDADE-COMPLETO-PORT_1-1536x561.png 1536w\" sizes=\"(max-width: 1921px) 100vw, 1921px\" \/>\t\t\t\t\t\t\t\t\t\t\t\t\t\t\t<\/div>\n\t\t\t\t<\/div>\n\t\t\t\t<div class=\"elementor-element elementor-element-4f474c6 elementor-hidden-desktop elementor-hidden-tablet elementor-widget elementor-widget-image\" data-id=\"4f474c6\" data-element_type=\"widget\" data-e-type=\"widget\" data-widget_type=\"image.default\">\n\t\t\t\t<div class=\"elementor-widget-container\">\n\t\t\t\t\t\t\t\t\t\t\t\t\t\t\t<img decoding=\"async\" width=\"1377\" height=\"701\" src=\"https:\/\/cristianaxavierdebrito.com.br\/wp-content\/uploads\/2025\/06\/IMAGEM-SUSTENTABILIDADE-PORT-MOBILE.png\" class=\"attachment-full size-full wp-image-864\" alt=\"\" srcset=\"https:\/\/cristianaxavierdebrito.com.br\/wp-content\/uploads\/2025\/06\/IMAGEM-SUSTENTABILIDADE-PORT-MOBILE.png 1377w, https:\/\/cristianaxavierdebrito.com.br\/wp-content\/uploads\/2025\/06\/IMAGEM-SUSTENTABILIDADE-PORT-MOBILE-300x153.png 300w, https:\/\/cristianaxavierdebrito.com.br\/wp-content\/uploads\/2025\/06\/IMAGEM-SUSTENTABILIDADE-PORT-MOBILE-1024x521.png 1024w, https:\/\/cristianaxavierdebrito.com.br\/wp-content\/uploads\/2025\/06\/IMAGEM-SUSTENTABILIDADE-PORT-MOBILE-768x391.png 768w\" sizes=\"(max-width: 1377px) 100vw, 1377px\" \/>\t\t\t\t\t\t\t\t\t\t\t\t\t\t\t<\/div>\n\t\t\t\t<\/div>\n\t\t\t\t<\/div>\n\t\t\t\t<div class=\"elementor-element elementor-element-2966fd0 elementor-align-center elementor-widget elementor-widget-button\" data-id=\"2966fd0\" data-element_type=\"widget\" data-e-type=\"widget\" data-widget_type=\"button.default\">\n\t\t\t\t<div class=\"elementor-widget-container\">\n\t\t\t\t\t\t\t\t\t<div class=\"elementor-button-wrapper\">\n\t\t\t\t\t<a class=\"elementor-button elementor-button-link elementor-size-sm\" href=\"https:\/\/cristianaxavierdebrito.com.br\/index.php\/atuacao\/\">\n\t\t\t\t\t\t<span class=\"elementor-button-content-wrapper\">\n\t\t\t\t\t\t\t\t\t<span class=\"elementor-button-text\">SAIBA MAIS<\/span>\n\t\t\t\t\t<\/span>\n\t\t\t\t\t<\/a>\n\t\t\t\t<\/div>\n\t\t\t\t\t\t\t\t<\/div>\n\t\t\t\t<\/div>\n\t\t\t\t<\/div>\n\t\t\t\t<\/div>\n\t\t<div class=\"elementor-element elementor-element-ed044a2 e-flex e-con-boxed e-con e-parent\" data-id=\"ed044a2\" data-element_type=\"container\" data-e-type=\"container\">\n\t\t\t\t\t<div class=\"e-con-inner\">\n\t\t\t\t<div class=\"elementor-element elementor-element-c2a2ef0 elementor-widget elementor-widget-heading\" data-id=\"c2a2ef0\" data-element_type=\"widget\" data-e-type=\"widget\" data-widget_type=\"heading.default\">\n\t\t\t\t<div class=\"elementor-widget-container\">\n\t\t\t\t\t<h2 class=\"elementor-heading-title elementor-size-default\">NOT\u00cdCIAS\n<\/h2>\t\t\t\t<\/div>\n\t\t\t\t<\/div>\n\t\t\t\t\t<\/div>\n\t\t\t\t<\/div>\n\t\t<div class=\"elementor-element elementor-element-5470be5 e-flex e-con-boxed e-con e-parent\" data-id=\"5470be5\" data-element_type=\"container\" data-e-type=\"container\">\n\t\t\t\t\t<div class=\"e-con-inner\">\n\t\t\t\t<div class=\"elementor-element elementor-element-eef44cf elementor-widget elementor-widget-html\" data-id=\"eef44cf\" data-element_type=\"widget\" data-e-type=\"widget\" data-widget_type=\"html.default\">\n\t\t\t\t<div class=\"elementor-widget-container\">\n\t\t\t\t\t<!-- Elfsight LinkedIn Feed | Untitled LinkedIn Feed -->\r\n<script src=\"https:\/\/elfsightcdn.com\/platform.js\" async><\/script>\r\n<div class=\"elfsight-app-ffdbb90d-e420-4855-999f-d89cca826697\" data-elfsight-app-lazy><\/div>\t\t\t\t<\/div>\n\t\t\t\t<\/div>\n\t\t\t\t\t<\/div>\n\t\t\t\t<\/div>\n\t\t<div class=\"elementor-element elementor-element-3137336 e-con-full e-flex e-con e-parent\" data-id=\"3137336\" data-element_type=\"container\" data-e-type=\"container\" data-settings=\"{&quot;background_background&quot;:&quot;classic&quot;}\">\n\t\t\t\t<div class=\"elementor-element elementor-element-5f2d098 elementor-widget elementor-widget-image\" data-id=\"5f2d098\" data-element_type=\"widget\" data-e-type=\"widget\" data-widget_type=\"image.default\">\n\t\t\t\t<div class=\"elementor-widget-container\">\n\t\t\t\t\t\t\t\t\t\t\t\t\t\t\t<img loading=\"lazy\" decoding=\"async\" width=\"1920\" height=\"807\" src=\"https:\/\/cristianaxavierdebrito.com.br\/wp-content\/uploads\/2025\/05\/Painel2.jpg\" class=\"attachment-full size-full wp-image-22\" alt=\"\" srcset=\"https:\/\/cristianaxavierdebrito.com.br\/wp-content\/uploads\/2025\/05\/Painel2.jpg 1920w, https:\/\/cristianaxavierdebrito.com.br\/wp-content\/uploads\/2025\/05\/Painel2-300x126.jpg 300w, https:\/\/cristianaxavierdebrito.com.br\/wp-content\/uploads\/2025\/05\/Painel2-1024x430.jpg 1024w, https:\/\/cristianaxavierdebrito.com.br\/wp-content\/uploads\/2025\/05\/Painel2-768x323.jpg 768w, https:\/\/cristianaxavierdebrito.com.br\/wp-content\/uploads\/2025\/05\/Painel2-1536x646.jpg 1536w\" sizes=\"(max-width: 1920px) 100vw, 1920px\" \/>\t\t\t\t\t\t\t\t\t\t\t\t\t\t\t<\/div>\n\t\t\t\t<\/div>\n\t\t\t\t<\/div>\n\t\t\t\t<\/div>\n\t\t","protected":false},"excerpt":{"rendered":"<p>Em um mundo de r\u00e1pidas transforma\u00e7\u00f5es e desafios complexos, at\u00e9 as lideran\u00e7as mais experientes enfrentam incertezas. Atrav\u00e9s da minha experi\u00eancia, de mais de 35 anos, posso ajudar a conduzir decis\u00f5es em contextos desafiadores \u2014 com clareza, estrat\u00e9gia e responsabilidade. Em um mundo de r\u00e1pidas transforma\u00e7\u00f5es e desafios complexos, at\u00e9 as lideran\u00e7as mais experientes enfrentam incertezas. [&hellip;]<\/p>\n","protected":false},"author":1,"featured_media":0,"parent":0,"menu_order":0,"comment_status":"closed","ping_status":"closed","template":"elementor_header_footer","meta":{"footnotes":""},"class_list":["post-11","page","type-page","status-publish","hentry"],"_links":{"self":[{"href":"https:\/\/cristianaxavierdebrito.com.br\/index.php\/wp-json\/wp\/v2\/pages\/11","targetHints":{"allow":["GET"]}}],"collection":[{"href":"https:\/\/cristianaxavierdebrito.com.br\/index.php\/wp-json\/wp\/v2\/pages"}],"about":[{"href":"https:\/\/cristianaxavierdebrito.com.br\/index.php\/wp-json\/wp\/v2\/types\/page"}],"author":[{"embeddable":true,"href":"https:\/\/cristianaxavierdebrito.com.br\/index.php\/wp-json\/wp\/v2\/users\/1"}],"replies":[{"embeddable":true,"href":"https:\/\/cristianaxavierdebrito.com.br\/index.php\/wp-json\/wp\/v2\/comments?post=11"}],"version-history":[{"count":253,"href":"https:\/\/cristianaxavierdebrito.com.br\/index.php\/wp-json\/wp\/v2\/pages\/11\/revisions"}],"predecessor-version":[{"id":1088,"href":"https:\/\/cristianaxavierdebrito.com.br\/index.php\/wp-json\/wp\/v2\/pages\/11\/revisions\/1088"}],"wp:attachment":[{"href":"https:\/\/cristianaxavierdebrito.com.br\/index.php\/wp-json\/wp\/v2\/media?parent=11"}],"curies":[{"name":"wp","href":"https:\/\/api.w.org\/{rel}","templated":true}]}}